{"id":1065,"date":"2023-08-16T20:24:33","date_gmt":"2023-08-16T20:24:33","guid":{"rendered":"https:\/\/saborsdelmar.com\/?page_id=1065"},"modified":"2023-08-17T19:07:43","modified_gmt":"2023-08-17T19:07:43","slug":"trabaja-con-nosotros","status":"publish","type":"page","link":"https:\/\/saborsdelmar.com\/en\/trabaja-con-nosotros\/","title":{"rendered":"Work with us"},"content":{"rendered":"<div data-elementor-type=\"wp-page\" data-elementor-id=\"1065\" class=\"elementor elementor-1065\">\n\t\t\t\t\t\t\t\t\t<section class=\"elementor-section elementor-top-section elementor-element elementor-element-eb885af elementor-section-boxed elementor-section-height-default elementor-section-height-default\" data-id=\"eb885af\" data-element_type=\"section\" data-settings=\"{&quot;background_background&quot;:&quot;classic&quot;}\">\n\t\t\t\t\t\t<div class=\"elementor-container elementor-column-gap-default\">\n\t\t\t\t\t<div class=\"elementor-column elementor-col-100 elementor-top-column elementor-element elementor-element-0882d30\" data-id=\"0882d30\" data-element_type=\"column\">\n\t\t\t<div class=\"elementor-widget-wrap elementor-element-populated\">\n\t\t\t\t\t\t\t\t<div class=\"elementor-element elementor-element-9c8f599 elementor-widget elementor-widget-heading\" data-id=\"9c8f599\" data-element_type=\"widget\" data-widget_type=\"heading.default\">\n\t\t\t\t<div class=\"elementor-widget-container\">\n\t\t\t<style>\/*! elementor - v3.13.3 - 28-05-2023 *\/\n.elementor-heading-title{padding:0;margin:0;line-height:1}.elementor-widget-heading .elementor-heading-title[class*=elementor-size-]>a{color:inherit;font-size:inherit;line-height:inherit}.elementor-widget-heading .elementor-heading-title.elementor-size-small{font-size:15px}.elementor-widget-heading .elementor-heading-title.elementor-size-medium{font-size:19px}.elementor-widget-heading .elementor-heading-title.elementor-size-large{font-size:29px}.elementor-widget-heading .elementor-heading-title.elementor-size-xl{font-size:39px}.elementor-widget-heading .elementor-heading-title.elementor-size-xxl{font-size:59px}<\/style><h2 class=\"elementor-heading-title elementor-size-default\">TRABAJA CON NOSOTROS<\/h2>\t\t<\/div>\n\t\t\t\t<\/div>\n\t\t\t\t<div class=\"elementor-element elementor-element-081ae01 elementor-widget elementor-widget-text-editor\" data-id=\"081ae01\" data-element_type=\"widget\" data-widget_type=\"text-editor.default\">\n\t\t\t\t<div class=\"elementor-widget-container\">\n\t\t\t<style>\/*! elementor - v3.13.3 - 28-05-2023 *\/\n.elementor-widget-text-editor.elementor-drop-cap-view-stacked .elementor-drop-cap{background-color:#69727d;color:#fff}.elementor-widget-text-editor.elementor-drop-cap-view-framed .elementor-drop-cap{color:#69727d;border:3px solid;background-color:transparent}.elementor-widget-text-editor:not(.elementor-drop-cap-view-default) .elementor-drop-cap{margin-top:8px}.elementor-widget-text-editor:not(.elementor-drop-cap-view-default) .elementor-drop-cap-letter{width:1em;height:1em}.elementor-widget-text-editor .elementor-drop-cap{float:left;text-align:center;line-height:1;font-size:50px}.elementor-widget-text-editor .elementor-drop-cap-letter{display:inline-block}<\/style>\t\t\t\t<p>\u00a1Bienvenidos al coraz\u00f3n de nuestra cocina! En nuestro restaurante, no solo servimos platos excepcionales, sino que tambi\u00e9n creamos experiencias inolvidables. Estamos emocionados de presentarte nuestra secci\u00f3n de oportunidades laborales, donde tienes la posibilidad de unirte a nuestro apasionado equipo culinario.<\/p>\t\t\t\t\t\t<\/div>\n\t\t\t\t<\/div>\n\t\t\t\t<div class=\"elementor-element elementor-element-f82429a elementor-widget elementor-widget-text-editor\" data-id=\"f82429a\" data-element_type=\"widget\" data-widget_type=\"text-editor.default\">\n\t\t\t\t<div class=\"elementor-widget-container\">\n\t\t\t\t\t\t\t<p>\n<div class=\"wpcf7 no-js\" id=\"wpcf7-f6-o1\" lang=\"es-ES\" dir=\"ltr\">\n<div class=\"screen-reader-response\"><p role=\"status\" aria-live=\"polite\" aria-atomic=\"true\"><\/p> <ul><\/ul><\/div>\n<form action=\"\/en\/wp-json\/wp\/v2\/pages\/1065#wpcf7-f6-o1\" method=\"post\" class=\"wpcf7-form init\" aria-label=\"Formulario de contacto\" novalidate=\"novalidate\" data-status=\"init\" data-trp-original-action=\"\/en\/wp-json\/wp\/v2\/pages\/1065#wpcf7-f6-o1\">\n<div style=\"display: none;\">\n<input type=\"hidden\" name=\"_wpcf7\" value=\"6\" \/>\n<input type=\"hidden\" name=\"_wpcf7_version\" value=\"5.7.7\" \/>\n<input type=\"hidden\" name=\"_wpcf7_locale\" value=\"es_ES\" \/>\n<input type=\"hidden\" name=\"_wpcf7_unit_tag\" value=\"wpcf7-f6-o1\" \/>\n<input type=\"hidden\" name=\"_wpcf7_container_post\" value=\"0\" \/>\n<input type=\"hidden\" name=\"_wpcf7_posted_data_hash\" value=\"\" \/>\n<\/div>\n<p><label> Name<br \/>\n<span class=\"wpcf7-form-control-wrap\" data-name=\"your-name\"><input size=\"40\" class=\"wpcf7-form-control wpcf7-text wpcf7-validates-as-required\" autocomplete=\"name\" aria-required=\"true\" aria-invalid=\"false\" value=\"\" type=\"text\" name=\"your-name\" \/><\/span> <\/label>\n<\/p>\n<p><label> Email<br \/>\n<span class=\"wpcf7-form-control-wrap\" data-name=\"your-email\"><input size=\"40\" class=\"wpcf7-form-control wpcf7-text wpcf7-email wpcf7-validates-as-required wpcf7-validates-as-email\" autocomplete=\"email\" aria-required=\"true\" aria-invalid=\"false\" value=\"\" type=\"email\" name=\"your-email\" \/><\/span> <\/label>\n<\/p>\n<p><label> Affair<br \/>\n<span class=\"wpcf7-form-control-wrap\" data-name=\"your-subject\"><input size=\"40\" class=\"wpcf7-form-control wpcf7-text wpcf7-validates-as-required\" aria-required=\"true\" aria-invalid=\"false\" value=\"\" type=\"text\" name=\"your-subject\" \/><\/span> <\/label>\n<\/p>\n<p><label> Message (optional)<br \/>\n<span class=\"wpcf7-form-control-wrap\" data-name=\"your-message\"><textarea cols=\"40\" rows=\"10\" class=\"wpcf7-form-control wpcf7-textarea\" aria-invalid=\"false\" name=\"your-message\"><\/textarea><\/span> <\/label>\n<\/p>\n<p><input class=\"wpcf7-form-control has-spinner wpcf7-submit\" type=\"submit\" value=\"Send\" \/>\n<\/p><div class=\"wpcf7-response-output\" aria-hidden=\"true\"><\/div>\n<input type=\"hidden\" name=\"trp-form-language\" value=\"en\"\/><\/form>\n<\/div>\n<\/p>\t\t\t\t\t\t<\/div>\n\t\t\t\t<\/div>\n\t\t\t\t\t<\/div>\n\t\t<\/div>\n\t\t\t\t\t\t\t<\/div>\n\t\t<\/section>\n\t\t\t\t\t\t\t<\/div>","protected":false},"excerpt":{"rendered":"<p>TRABAJA CON NOSOTROS \u00a1Bienvenidos al coraz\u00f3n de nuestra cocina! En nuestro restaurante, no solo servimos platos excepcionales, sino que tambi\u00e9n creamos experiencias inolvidables. Estamos emocionados de presentarte nuestra secci\u00f3n de oportunidades laborales, donde tienes la posibilidad de unirte a nuestro apasionado equipo culinario.<\/p>","protected":false},"author":1,"featured_media":0,"parent":0,"menu_order":0,"comment_status":"closed","ping_status":"closed","template":"","meta":{"_mi_skip_tracking":false,"_monsterinsights_sitenote_active":false,"_monsterinsights_sitenote_note":"","_monsterinsights_sitenote_category":0,"site-sidebar-layout":"no-sidebar","site-content-layout":"page-builder","ast-global-header-display":"","ast-banner-title-visibility":"","ast-main-header-display":"","ast-hfb-above-header-display":"","ast-hfb-below-header-display":"","ast-hfb-mobile-header-display":"","site-post-title":"disabled","ast-breadcrumbs-content":"","ast-featured-img":"disabled","footer-sml-layout":"","theme-transparent-header-meta":"","adv-header-id-meta":"","stick-header-meta":"","header-above-stick-meta":"","header-main-stick-meta":"","header-below-stick-meta":""},"yoast_head":"<!-- This site is optimized with the Yoast SEO plugin v20.9 - https:\/\/yoast.com\/wordpress\/plugins\/seo\/ -->\n<title>Trabaja con nosotros - saborsdelmar.com<\/title>\n<meta name=\"robots\" content=\"index, follow, max-snippet:-1, max-image-preview:large, max-video-preview:-1\" \/>\n<link rel=\"canonical\" href=\"https:\/\/saborsdelmar.com\/en\/trabaja-con-nosotros\/\" \/>\n<meta property=\"og:locale\" content=\"en_US\" \/>\n<meta property=\"og:type\" content=\"article\" \/>\n<meta property=\"og:title\" content=\"Trabaja con nosotros - saborsdelmar.com\" \/>\n<meta property=\"og:description\" content=\"TRABAJA CON NOSOTROS \u00a1Bienvenidos al coraz\u00f3n de nuestra cocina! En nuestro restaurante, no solo servimos platos excepcionales, sino que tambi\u00e9n creamos experiencias inolvidables. Estamos emocionados de presentarte nuestra secci\u00f3n de oportunidades laborales, donde tienes la posibilidad de unirte a nuestro apasionado equipo culinario.\" \/>\n<meta property=\"og:url\" content=\"https:\/\/saborsdelmar.com\/en\/trabaja-con-nosotros\/\" \/>\n<meta property=\"og:site_name\" content=\"saborsdelmar.com\" \/>\n<meta property=\"article:modified_time\" content=\"2023-08-17T19:07:43+00:00\" \/>\n<meta name=\"twitter:card\" content=\"summary_large_image\" \/>\n<meta name=\"twitter:label1\" content=\"Est. reading time\" \/>\n\t<meta name=\"twitter:data1\" content=\"1 minute\" \/>\n<script type=\"application\/ld+json\" class=\"yoast-schema-graph\">{\"@context\":\"https:\/\/schema.org\",\"@graph\":[{\"@type\":\"WebPage\",\"@id\":\"https:\/\/saborsdelmar.com\/trabaja-con-nosotros\/\",\"url\":\"https:\/\/saborsdelmar.com\/trabaja-con-nosotros\/\",\"name\":\"Trabaja con nosotros - saborsdelmar.com\",\"isPartOf\":{\"@id\":\"https:\/\/saborsdelmar.com\/#website\"},\"datePublished\":\"2023-08-16T20:24:33+00:00\",\"dateModified\":\"2023-08-17T19:07:43+00:00\",\"breadcrumb\":{\"@id\":\"https:\/\/saborsdelmar.com\/trabaja-con-nosotros\/#breadcrumb\"},\"inLanguage\":\"en-US\",\"potentialAction\":[{\"@type\":\"ReadAction\",\"target\":[\"https:\/\/saborsdelmar.com\/trabaja-con-nosotros\/\"]}]},{\"@type\":\"BreadcrumbList\",\"@id\":\"https:\/\/saborsdelmar.com\/trabaja-con-nosotros\/#breadcrumb\",\"itemListElement\":[{\"@type\":\"ListItem\",\"position\":1,\"name\":\"Portada\",\"item\":\"https:\/\/saborsdelmar.com\/\"},{\"@type\":\"ListItem\",\"position\":2,\"name\":\"Trabaja con nosotros\"}]},{\"@type\":\"WebSite\",\"@id\":\"https:\/\/saborsdelmar.com\/#website\",\"url\":\"https:\/\/saborsdelmar.com\/\",\"name\":\"saborsdelmar.com\",\"description\":\"restaurantes castelldefels, comida mediterr\u00e1nea\",\"publisher\":{\"@id\":\"https:\/\/saborsdelmar.com\/#organization\"},\"potentialAction\":[{\"@type\":\"SearchAction\",\"target\":{\"@type\":\"EntryPoint\",\"urlTemplate\":\"https:\/\/saborsdelmar.com\/?s={search_term_string}\"},\"query-input\":\"required name=search_term_string\"}],\"inLanguage\":\"en-US\"},{\"@type\":\"Organization\",\"@id\":\"https:\/\/saborsdelmar.com\/#organization\",\"name\":\"saborsdelmar.com\",\"url\":\"https:\/\/saborsdelmar.com\/\",\"logo\":{\"@type\":\"ImageObject\",\"inLanguage\":\"en-US\",\"@id\":\"https:\/\/saborsdelmar.com\/#\/schema\/logo\/image\/\",\"url\":\"https:\/\/saborsdelmar.com\/wp-content\/uploads\/2023\/08\/cropped-WhatsApp-Image-2023-08-25-at-05.42.58.jpeg\",\"contentUrl\":\"https:\/\/saborsdelmar.com\/wp-content\/uploads\/2023\/08\/cropped-WhatsApp-Image-2023-08-25-at-05.42.58.jpeg\",\"width\":2048,\"height\":565,\"caption\":\"saborsdelmar.com\"},\"image\":{\"@id\":\"https:\/\/saborsdelmar.com\/#\/schema\/logo\/image\/\"}}]}<\/script>\n<!-- \/ Yoast SEO plugin. -->","yoast_head_json":{"title":"Trabaja con nosotros - saborsdelmar.com","robots":{"index":"index","follow":"follow","max-snippet":"max-snippet:-1","max-image-preview":"max-image-preview:large","max-video-preview":"max-video-preview:-1"},"canonical":"https:\/\/saborsdelmar.com\/en\/trabaja-con-nosotros\/","og_locale":"en_US","og_type":"article","og_title":"Trabaja con nosotros - saborsdelmar.com","og_description":"TRABAJA CON NOSOTROS \u00a1Bienvenidos al coraz\u00f3n de nuestra cocina! En nuestro restaurante, no solo servimos platos excepcionales, sino que tambi\u00e9n creamos experiencias inolvidables. Estamos emocionados de presentarte nuestra secci\u00f3n de oportunidades laborales, donde tienes la posibilidad de unirte a nuestro apasionado equipo culinario.","og_url":"https:\/\/saborsdelmar.com\/en\/trabaja-con-nosotros\/","og_site_name":"saborsdelmar.com","article_modified_time":"2023-08-17T19:07:43+00:00","twitter_card":"summary_large_image","twitter_misc":{"Est. reading time":"1 minute"},"schema":{"@context":"https:\/\/schema.org","@graph":[{"@type":"WebPage","@id":"https:\/\/saborsdelmar.com\/trabaja-con-nosotros\/","url":"https:\/\/saborsdelmar.com\/trabaja-con-nosotros\/","name":"Trabaja con nosotros - saborsdelmar.com","isPartOf":{"@id":"https:\/\/saborsdelmar.com\/#website"},"datePublished":"2023-08-16T20:24:33+00:00","dateModified":"2023-08-17T19:07:43+00:00","breadcrumb":{"@id":"https:\/\/saborsdelmar.com\/trabaja-con-nosotros\/#breadcrumb"},"inLanguage":"en-US","potentialAction":[{"@type":"ReadAction","target":["https:\/\/saborsdelmar.com\/trabaja-con-nosotros\/"]}]},{"@type":"BreadcrumbList","@id":"https:\/\/saborsdelmar.com\/trabaja-con-nosotros\/#breadcrumb","itemListElement":[{"@type":"ListItem","position":1,"name":"Portada","item":"https:\/\/saborsdelmar.com\/"},{"@type":"ListItem","position":2,"name":"Trabaja con nosotros"}]},{"@type":"WebSite","@id":"https:\/\/saborsdelmar.com\/#website","url":"https:\/\/saborsdelmar.com\/","name":"saborsdelmar.com","description":"restaurantes castelldefels, comida mediterr\u00e1nea","publisher":{"@id":"https:\/\/saborsdelmar.com\/#organization"},"potentialAction":[{"@type":"SearchAction","target":{"@type":"EntryPoint","urlTemplate":"https:\/\/saborsdelmar.com\/?s={search_term_string}"},"query-input":"required name=search_term_string"}],"inLanguage":"en-US"},{"@type":"Organization","@id":"https:\/\/saborsdelmar.com\/#organization","name":"saborsdelmar.com","url":"https:\/\/saborsdelmar.com\/","logo":{"@type":"ImageObject","inLanguage":"en-US","@id":"https:\/\/saborsdelmar.com\/#\/schema\/logo\/image\/","url":"https:\/\/saborsdelmar.com\/wp-content\/uploads\/2023\/08\/cropped-WhatsApp-Image-2023-08-25-at-05.42.58.jpeg","contentUrl":"https:\/\/saborsdelmar.com\/wp-content\/uploads\/2023\/08\/cropped-WhatsApp-Image-2023-08-25-at-05.42.58.jpeg","width":2048,"height":565,"caption":"saborsdelmar.com"},"image":{"@id":"https:\/\/saborsdelmar.com\/#\/schema\/logo\/image\/"}}]}},"_links":{"self":[{"href":"https:\/\/saborsdelmar.com\/en\/wp-json\/wp\/v2\/pages\/1065"}],"collection":[{"href":"https:\/\/saborsdelmar.com\/en\/wp-json\/wp\/v2\/pages"}],"about":[{"href":"https:\/\/saborsdelmar.com\/en\/wp-json\/wp\/v2\/types\/page"}],"author":[{"embeddable":true,"href":"https:\/\/saborsdelmar.com\/en\/wp-json\/wp\/v2\/users\/1"}],"replies":[{"embeddable":true,"href":"https:\/\/saborsdelmar.com\/en\/wp-json\/wp\/v2\/comments?post=1065"}],"version-history":[{"count":10,"href":"https:\/\/saborsdelmar.com\/en\/wp-json\/wp\/v2\/pages\/1065\/revisions"}],"predecessor-version":[{"id":1078,"href":"https:\/\/saborsdelmar.com\/en\/wp-json\/wp\/v2\/pages\/1065\/revisions\/1078"}],"wp:attachment":[{"href":"https:\/\/saborsdelmar.com\/en\/wp-json\/wp\/v2\/media?parent=1065"}],"curies":[{"name":"wp","href":"https:\/\/api.w.org\/{rel}","templated":true}]}}