{"id":661,"date":"2018-09-26T08:48:22","date_gmt":"2018-09-26T08:48:22","guid":{"rendered":"https:\/\/saborsdelmar.com\/?page_id=661"},"modified":"2023-08-25T20:41:48","modified_gmt":"2023-08-25T20:41:48","slug":"sobre-nosotros","status":"publish","type":"page","link":"https:\/\/saborsdelmar.com\/en\/sobre-nosotros\/","title":{"rendered":"About us"},"content":{"rendered":"<div data-elementor-type=\"wp-post\" data-elementor-id=\"661\" class=\"elementor elementor-661\">\n\t\t\t\t\t\t\t\t\t<section class=\"elementor-section elementor-top-section elementor-element elementor-element-5dc3a60 elementor-section-boxed elementor-section-height-default elementor-section-height-default\" data-id=\"5dc3a60\" data-element_type=\"section\" data-settings=\"{&quot;background_background&quot;:&quot;classic&quot;}\">\n\t\t\t\t\t\t\t<div class=\"elementor-background-overlay\"><\/div>\n\t\t\t\t\t\t\t<div class=\"elementor-container elementor-column-gap-default\">\n\t\t\t\t\t<div class=\"elementor-column elementor-col-100 elementor-top-column elementor-element elementor-element-5dc1ca0\" data-id=\"5dc1ca0\" data-element_type=\"column\">\n\t\t\t<div class=\"elementor-widget-wrap elementor-element-populated\">\n\t\t\t\t\t\t\t\t<div class=\"elementor-element elementor-element-be56547 elementor-widget elementor-widget-heading\" data-id=\"be56547\" data-element_type=\"widget\" data-widget_type=\"heading.default\">\n\t\t\t\t<div class=\"elementor-widget-container\">\n\t\t\t<style>\/*! elementor - v3.13.3 - 28-05-2023 *\/\n.elementor-heading-title{padding:0;margin:0;line-height:1}.elementor-widget-heading .elementor-heading-title[class*=elementor-size-]>a{color:inherit;font-size:inherit;line-height:inherit}.elementor-widget-heading .elementor-heading-title.elementor-size-small{font-size:15px}.elementor-widget-heading .elementor-heading-title.elementor-size-medium{font-size:19px}.elementor-widget-heading .elementor-heading-title.elementor-size-large{font-size:29px}.elementor-widget-heading .elementor-heading-title.elementor-size-xl{font-size:39px}.elementor-widget-heading .elementor-heading-title.elementor-size-xxl{font-size:59px}<\/style><h1 class=\"elementor-heading-title elementor-size-default\">know us<\/h1>\t\t<\/div>\n\t\t\t\t<\/div>\n\t\t\t\t<div class=\"elementor-element elementor-element-9ccbe60 elementor-widget elementor-widget-heading\" data-id=\"9ccbe60\" data-element_type=\"widget\" data-widget_type=\"heading.default\">\n\t\t\t\t<div class=\"elementor-widget-container\">\n\t\t\t<h2 class=\"elementor-heading-title elementor-size-medium\">Flavors of the sea since 2014<\/h2>\t\t<\/div>\n\t\t\t\t<\/div>\n\t\t\t\t\t<\/div>\n\t\t<\/div>\n\t\t\t\t\t\t\t<\/div>\n\t\t<\/section>\n\t\t\t\t<section class=\"elementor-section elementor-top-section elementor-element elementor-element-b0fcb7d elementor-section-boxed elementor-section-height-default elementor-section-height-default\" data-id=\"b0fcb7d\" data-element_type=\"section\" data-settings=\"{&quot;background_background&quot;:&quot;classic&quot;}\">\n\t\t\t\t\t\t<div class=\"elementor-container elementor-column-gap-default\">\n\t\t\t\t\t<div class=\"elementor-column elementor-col-100 elementor-top-column elementor-element elementor-element-126fc63\" data-id=\"126fc63\" data-element_type=\"column\">\n\t\t\t<div class=\"elementor-widget-wrap elementor-element-populated\">\n\t\t\t\t\t\t\t\t<div class=\"elementor-element elementor-element-898d429 elementor-widget elementor-widget-heading\" data-id=\"898d429\" data-element_type=\"widget\" data-widget_type=\"heading.default\">\n\t\t\t\t<div class=\"elementor-widget-container\">\n\t\t\t<h6 class=\"elementor-heading-title elementor-size-default\">FLAVORS OF THE SEA<\/h6>\t\t<\/div>\n\t\t\t\t<\/div>\n\t\t\t\t<div class=\"elementor-element elementor-element-bcecbee elementor-position-top elementor-vertical-align-top elementor-widget elementor-widget-image-box\" data-id=\"bcecbee\" data-element_type=\"widget\" data-widget_type=\"image-box.default\">\n\t\t\t\t<div class=\"elementor-widget-container\">\n\t\t\t<style>\/*! elementor - v3.13.3 - 28-05-2023 *\/\n.elementor-widget-image-box .elementor-image-box-content{width:100%}@media (min-width:768px){.elementor-widget-image-box.elementor-position-left .elementor-image-box-wrapper,.elementor-widget-image-box.elementor-position-right .elementor-image-box-wrapper{display:flex}.elementor-widget-image-box.elementor-position-right .elementor-image-box-wrapper{text-align:right;flex-direction:row-reverse}.elementor-widget-image-box.elementor-position-left .elementor-image-box-wrapper{text-align:left;flex-direction:row}.elementor-widget-image-box.elementor-position-top .elementor-image-box-img{margin:auto}.elementor-widget-image-box.elementor-vertical-align-top .elementor-image-box-wrapper{align-items:flex-start}.elementor-widget-image-box.elementor-vertical-align-middle .elementor-image-box-wrapper{align-items:center}.elementor-widget-image-box.elementor-vertical-align-bottom .elementor-image-box-wrapper{align-items:flex-end}}@media (max-width:767px){.elementor-widget-image-box .elementor-image-box-img{margin-left:auto!important;margin-right:auto!important;margin-bottom:15px}}.elementor-widget-image-box .elementor-image-box-img{display:inline-block}.elementor-widget-image-box .elementor-image-box-title a{color:inherit}.elementor-widget-image-box .elementor-image-box-wrapper{text-align:center}.elementor-widget-image-box .elementor-image-box-description{margin:0}<\/style><div class=\"elementor-image-box-wrapper\"><div class=\"elementor-image-box-content\"><h3 class=\"elementor-image-box-title\">We are Sabors del Mar, the seafood restaurant in Castelldefels, the place where the best rice dishes in the area are made.<\/h3><\/div><\/div>\t\t<\/div>\n\t\t\t\t<\/div>\n\t\t\t\t<div class=\"elementor-element elementor-element-1ad185e elementor-widget elementor-widget-text-editor\" data-id=\"1ad185e\" data-element_type=\"widget\" data-widget_type=\"text-editor.default\">\n\t\t\t\t<div class=\"elementor-widget-container\">\n\t\t\t<style>\/*! elementor - v3.13.3 - 28-05-2023 *\/\n.elementor-widget-text-editor.elementor-drop-cap-view-stacked .elementor-drop-cap{background-color:#69727d;color:#fff}.elementor-widget-text-editor.elementor-drop-cap-view-framed .elementor-drop-cap{color:#69727d;border:3px solid;background-color:transparent}.elementor-widget-text-editor:not(.elementor-drop-cap-view-default) .elementor-drop-cap{margin-top:8px}.elementor-widget-text-editor:not(.elementor-drop-cap-view-default) .elementor-drop-cap-letter{width:1em;height:1em}.elementor-widget-text-editor .elementor-drop-cap{float:left;text-align:center;line-height:1;font-size:50px}.elementor-widget-text-editor .elementor-drop-cap-letter{display:inline-block}<\/style>\t\t\t\t<p><span style=\"font-family: Arial, sans-serif; text-align: right;\">We offer daily menu, menu, weekend menu and 5-star menu<\/span><\/p>\t\t\t\t\t\t<\/div>\n\t\t\t\t<\/div>\n\t\t\t\t\t<\/div>\n\t\t<\/div>\n\t\t\t\t\t\t\t<\/div>\n\t\t<\/section>\n\t\t\t\t<section class=\"elementor-section elementor-top-section elementor-element elementor-element-2eb95e1 elementor-section-boxed elementor-section-height-default elementor-section-height-default\" data-id=\"2eb95e1\" data-element_type=\"section\" data-settings=\"{&quot;background_background&quot;:&quot;classic&quot;}\">\n\t\t\t\t\t\t<div class=\"elementor-container elementor-column-gap-default\">\n\t\t\t\t\t<div class=\"elementor-column elementor-col-33 elementor-top-column elementor-element elementor-element-1762601\" data-id=\"1762601\" data-element_type=\"column\">\n\t\t\t<div class=\"elementor-widget-wrap elementor-element-populated\">\n\t\t\t\t\t\t\t\t<div class=\"elementor-element elementor-element-fbf461f elementor-widget elementor-widget-image\" data-id=\"fbf461f\" data-element_type=\"widget\" data-widget_type=\"image.default\">\n\t\t\t\t<div class=\"elementor-widget-container\">\n\t\t\t<style>\/*! elementor - v3.13.3 - 28-05-2023 *\/\n.elementor-widget-image{text-align:center}.elementor-widget-image a{display:inline-block}.elementor-widget-image a img[src$=\".svg\"]{width:48px}.elementor-widget-image img{vertical-align:middle;display:inline-block}<\/style>\t\t\t\t\t\t\t\t\t\t\t\t<img decoding=\"async\" src=\"https:\/\/saborsdelmar.com\/wp-content\/uploads\/elementor\/thumbs\/chef05-free-img-q77yjsqbpt1l1t69429jbv5wuiub82g3wlqjc7t2fc.jpg\" title=\"chef05-free-img\" alt=\"chef05-free-img\" loading=\"lazy\" \/>\t\t\t\t\t\t\t\t\t\t\t\t\t\t\t<\/div>\n\t\t\t\t<\/div>\n\t\t\t\t\t<\/div>\n\t\t<\/div>\n\t\t\t\t<div class=\"elementor-column elementor-col-33 elementor-top-column elementor-element elementor-element-9d6195b\" data-id=\"9d6195b\" data-element_type=\"column\">\n\t\t\t<div class=\"elementor-widget-wrap elementor-element-populated\">\n\t\t\t\t\t\t\t\t<div class=\"elementor-element elementor-element-1bc937e elementor-widget elementor-widget-image\" data-id=\"1bc937e\" data-element_type=\"widget\" data-widget_type=\"image.default\">\n\t\t\t\t<div class=\"elementor-widget-container\">\n\t\t\t\t\t\t\t\t\t\t\t\t\t\t\t<img decoding=\"async\" src=\"https:\/\/saborsdelmar.com\/wp-content\/uploads\/elementor\/thumbs\/2022-08-23-1-q7pezo9yqffavqqbkcvu3t4us8mvojo1qe7hbv5s3s.jpg\" title=\"2022-08-23 (1)\" alt=\"2022-08-23 (1)\" loading=\"lazy\" \/>\t\t\t\t\t\t\t\t\t\t\t\t\t\t\t<\/div>\n\t\t\t\t<\/div>\n\t\t\t\t\t<\/div>\n\t\t<\/div>\n\t\t\t\t<div class=\"elementor-column elementor-col-33 elementor-top-column elementor-element elementor-element-35fbc5b\" data-id=\"35fbc5b\" data-element_type=\"column\">\n\t\t\t<div class=\"elementor-widget-wrap elementor-element-populated\">\n\t\t\t\t\t\t\t\t<div class=\"elementor-element elementor-element-6a05572 elementor-widget elementor-widget-image\" data-id=\"6a05572\" data-element_type=\"widget\" data-widget_type=\"image.default\">\n\t\t\t\t<div class=\"elementor-widget-container\">\n\t\t\t\t\t\t\t\t\t\t\t\t\t\t\t<img decoding=\"async\" src=\"https:\/\/saborsdelmar.com\/wp-content\/uploads\/elementor\/thumbs\/2018-05-09-q7pezr3haxj5ukm83w3ptaf8ke8zbmz8qs5xrp1ll4.jpg\" title=\"2018-05-09\" alt=\"2018-05-09\" loading=\"lazy\" \/>\t\t\t\t\t\t\t\t\t\t\t\t\t\t\t<\/div>\n\t\t\t\t<\/div>\n\t\t\t\t\t<\/div>\n\t\t<\/div>\n\t\t\t\t\t\t\t<\/div>\n\t\t<\/section>\n\t\t\t\t<section class=\"elementor-section elementor-top-section elementor-element elementor-element-8c237d0 elementor-section-boxed elementor-section-height-default elementor-section-height-default\" data-id=\"8c237d0\" data-element_type=\"section\" data-settings=\"{&quot;background_background&quot;:&quot;classic&quot;}\">\n\t\t\t\t\t\t<div class=\"elementor-container elementor-column-gap-default\">\n\t\t\t\t\t<div class=\"elementor-column elementor-col-100 elementor-top-column elementor-element elementor-element-63b9115\" data-id=\"63b9115\" data-element_type=\"column\">\n\t\t\t<div class=\"elementor-widget-wrap elementor-element-populated\">\n\t\t\t\t\t\t\t\t<div class=\"elementor-element elementor-element-c674b69 elementor-widget elementor-widget-heading\" data-id=\"c674b69\" data-element_type=\"widget\" data-widget_type=\"heading.default\">\n\t\t\t\t<div class=\"elementor-widget-container\">\n\t\t\t<h2 class=\"elementor-heading-title elementor-size-default\">TESTIMONIALS <\/h2>\t\t<\/div>\n\t\t\t\t<\/div>\n\t\t\t\t<div class=\"elementor-element elementor-element-0e34219 elementor-widget elementor-widget-text-editor\" data-id=\"0e34219\" data-element_type=\"widget\" data-widget_type=\"text-editor.default\">\n\t\t\t\t<div class=\"elementor-widget-container\">\n\t\t\t\t\t\t\t<p><div class=\"ti-widget ti-goog\" data-layout-id=\"4\" data-set-id=\"light-background\" data-pid=\"b5167179c03e50ec942cb\" data-pager-autoplay-timeout=\"6\" > <div class=\"ti-widget-container ti-col-3\"> <div class=\"ti-reviews-container\"> <div class=\"ti-controls\"> <div class=\"ti-next\"><\/div> <div class=\"ti-prev\"><\/div> <\/div> <div class=\"ti-reviews-container-wrapper\">  <div data-empty=\"0\" class=\"ti-review-item source-Google\" > <div class=\"ti-inner\"> <div class=\"ti-review-header\"> <div class=\"ti-profile-img\"> <img decoding=\"async\" src=\"https:\/\/lh3.googleusercontent.com\/a-\/AD_cMMThFOpOkxKG6gqkjUJELzGP84706yKr_O3q9g_3Xg=s120-c-c-rp-w64-h64-mo-ba3-br100\" alt=\"Javi Rodr\u00edguez\" \/> <\/div> <div class=\"ti-profile-details\"> <div class=\"ti-name\"> javi rodriguez <\/div> <div class=\"ti-date\">2023-05-28<\/div> <\/div> <\/div> <span class=\"ti-stars\"><span class=\"ti-star f\"><\/span><span class=\"ti-star f\"><\/span><span class=\"ti-star f\"><\/span><span class=\"ti-star f\"><\/span><span class=\"ti-star f\"><\/span><\/span> <div class=\"ti-review-content\"><!-- R-CONTENT -->I went as a couple, we ordered the 5-star menu for 28 euros, the rice with spectacular lobster, everything perfect, the food, the service, we will repeat without a doubt<!-- R-CONTENT --><\/div> <span class=\"ti-read-more\" data-container=\".ti-review-content\" data-collapse-text=\"Ocultar\" data-open-text=\"Leer m\u00e1s\"><\/span> <\/div> <\/div>  <div data-empty=\"0\" class=\"ti-review-item source-Google\" > <div class=\"ti-inner\"> <div class=\"ti-review-header\"> <div class=\"ti-profile-img\"> <img decoding=\"async\" src=\"https:\/\/lh3.googleusercontent.com\/a-\/AD_cMMTfdbluN6RtClmF5V-_6duDMkWnbvu-p8fOBgEfcA=s120-c-c-rp-w64-h64-mo-br100\" alt=\"PABLO ROJO NAVARRO\" \/> <\/div> <div class=\"ti-profile-details\"> <div class=\"ti-name\"> PABLO ROJO NAVARRO <\/div> <div class=\"ti-date\">2023-05-28<\/div> <\/div> <\/div> <span class=\"ti-stars\"><span class=\"ti-star f\"><\/span><span class=\"ti-star f\"><\/span><span class=\"ti-star f\"><\/span><span class=\"ti-star f\"><\/span><span class=\"ti-star f\"><\/span><\/span> <div class=\"ti-review-content\"><!-- R-CONTENT -->The waiter with the tattoo took great care of us. The seafood paella was very good. The tartare too. Terrace. All good in our experience.<!-- R-CONTENT --><\/div> <span class=\"ti-read-more\" data-container=\".ti-review-content\" data-collapse-text=\"Ocultar\" data-open-text=\"Leer m\u00e1s\"><\/span> <\/div> <\/div>  <div data-empty=\"0\" class=\"ti-review-item source-Google\" > <div class=\"ti-inner\"> <div class=\"ti-review-header\"> <div class=\"ti-profile-img\"> <img decoding=\"async\" src=\"https:\/\/lh3.googleusercontent.com\/a-\/AD_cMMQVE54h0j6ifd4c0Wagkw5iv7s4ZRERb-UxaQpRzg=s120-c-c-rp-w64-h64-mo-ba3-br100\" alt=\"Francisco Cazorla\" \/> <\/div> <div class=\"ti-profile-details\"> <div class=\"ti-name\"> Francisco Cazorla <\/div> <div class=\"ti-date\">2023-05-27<\/div> <\/div> <\/div> <span class=\"ti-stars\"><span class=\"ti-star f\"><\/span><span class=\"ti-star f\"><\/span><span class=\"ti-star f\"><\/span><span class=\"ti-star f\"><\/span><span class=\"ti-star f\"><\/span><\/span> <div class=\"ti-review-content\"><!-- R-CONTENT -->Very good service and good food. Quality. Recommendable.<!-- R-CONTENT --><\/div> <span class=\"ti-read-more\" data-container=\".ti-review-content\" data-collapse-text=\"Ocultar\" data-open-text=\"Leer m\u00e1s\"><\/span> <\/div> <\/div>  <div data-empty=\"0\" class=\"ti-review-item source-Google\" > <div class=\"ti-inner\"> <div class=\"ti-review-header\"> <div class=\"ti-profile-img\"> <img decoding=\"async\" src=\"https:\/\/lh3.googleusercontent.com\/a-\/AD_cMMTMLsX0Xod3NLTOS2zjCfCTniwhsFlWxv7uDtmyJ_Y=s120-c-c-rp-w64-h64-mo-ba5-br100\" alt=\"Jordi P\" \/> <\/div> <div class=\"ti-profile-details\"> <div class=\"ti-name\"> Jordi P. <\/div> <div class=\"ti-date\">2023-05-27<\/div> <\/div> <\/div> <span class=\"ti-stars\"><span class=\"ti-star f\"><\/span><span class=\"ti-star f\"><\/span><span class=\"ti-star f\"><\/span><span class=\"ti-star f\"><\/span><span class=\"ti-star e\"><\/span><\/span> <div class=\"ti-review-content\"><!-- R-CONTENT -->Unbeatable price quality, located in the middle of the leisure area of the beach, a place to repeat.<!-- R-CONTENT --><\/div> <span class=\"ti-read-more\" data-container=\".ti-review-content\" data-collapse-text=\"Ocultar\" data-open-text=\"Leer m\u00e1s\"><\/span> <\/div> <\/div>  <\/div> <div class=\"ti-controls-dots\"> <div class=\"dot active\"><\/div> <\/div> <\/div> <div class=\"ti-footer\"> <div class=\"ti-rating-text\"> <span class=\"nowrap\">The overall evaluation in <strong>Google<\/strong> is <\/span><span class=\"nowrap\"><strong>3.7<\/strong> out of 5, <\/span><span class=\"nowrap\">based on <strong>454 reviews<\/strong><\/span> <\/div> <\/div> <\/div> <\/div><\/p>\t\t\t\t\t\t<\/div>\n\t\t\t\t<\/div>\n\t\t\t\t\t<\/div>\n\t\t<\/div>\n\t\t\t\t\t\t\t<\/div>\n\t\t<\/section>\n\t\t\t\t\t\t\t<\/div>","protected":false},"excerpt":{"rendered":"<p>Con\u00f3cenos Sabors del mar desde el 2014 SABORS DEL MAR Somos Sabors del Mar, la marisquer\u00eda de Castelldefels, el local d\u00f3nde se hacen los mejores arroces de la zona. Ofrecemos men\u00fa diario, carta, men\u00fa de fin de semana y men\u00fa 5 estrellas TESTIMONIOS<\/p>","protected":false},"author":1,"featured_media":0,"parent":0,"menu_order":0,"comment_status":"closed","ping_status":"closed","template":"","meta":{"_mi_skip_tracking":false,"_monsterinsights_sitenote_active":false,"_monsterinsights_sitenote_note":"","_monsterinsights_sitenote_category":0,"site-sidebar-layout":"no-sidebar","site-content-layout":"page-builder","ast-global-header-display":"","ast-banner-title-visibility":"","ast-main-header-display":"","ast-hfb-above-header-display":"","ast-hfb-below-header-display":"","ast-hfb-mobile-header-display":"","site-post-title":"disabled","ast-breadcrumbs-content":"","ast-featured-img":"disabled","footer-sml-layout":"","theme-transparent-header-meta":"","adv-header-id-meta":"","stick-header-meta":"","header-above-stick-meta":"","header-main-stick-meta":"","header-below-stick-meta":""},"yoast_head":"<!-- This site is optimized with the Yoast SEO plugin v20.9 - https:\/\/yoast.com\/wordpress\/plugins\/seo\/ -->\n<title>Sobre nosotros - saborsdelmar.com<\/title>\n<meta name=\"robots\" content=\"index, follow, max-snippet:-1, max-image-preview:large, max-video-preview:-1\" \/>\n<link rel=\"canonical\" href=\"https:\/\/saborsdelmar.com\/en\/sobre-nosotros\/\" \/>\n<meta property=\"og:locale\" content=\"en_US\" \/>\n<meta property=\"og:type\" content=\"article\" \/>\n<meta property=\"og:title\" content=\"Sobre nosotros - saborsdelmar.com\" \/>\n<meta property=\"og:description\" content=\"Con\u00f3cenos Sabors del mar desde el 2014 SABORS DEL MAR Somos Sabors del Mar, la marisquer\u00eda de Castelldefels, el local d\u00f3nde se hacen los mejores arroces de la zona. Ofrecemos men\u00fa diario, carta, men\u00fa de fin de semana y men\u00fa 5 estrellas TESTIMONIOS\" \/>\n<meta property=\"og:url\" content=\"https:\/\/saborsdelmar.com\/en\/sobre-nosotros\/\" \/>\n<meta property=\"og:site_name\" content=\"saborsdelmar.com\" \/>\n<meta property=\"article:modified_time\" content=\"2023-08-25T20:41:48+00:00\" \/>\n<meta property=\"og:image\" content=\"https:\/\/saborsdelmar.com\/wp-content\/uploads\/elementor\/thumbs\/chef05-free-img-q77yjsqbpt1l1t69429jbv5wuiub82g3wlqjc7t2fc.jpg\" \/>\n<meta name=\"twitter:card\" content=\"summary_large_image\" \/>\n<meta name=\"twitter:label1\" content=\"Est. reading time\" \/>\n\t<meta name=\"twitter:data1\" content=\"3 minutes\" \/>\n<script type=\"application\/ld+json\" class=\"yoast-schema-graph\">{\"@context\":\"https:\/\/schema.org\",\"@graph\":[{\"@type\":\"WebPage\",\"@id\":\"https:\/\/saborsdelmar.com\/sobre-nosotros\/\",\"url\":\"https:\/\/saborsdelmar.com\/sobre-nosotros\/\",\"name\":\"Sobre nosotros - saborsdelmar.com\",\"isPartOf\":{\"@id\":\"https:\/\/saborsdelmar.com\/#website\"},\"datePublished\":\"2018-09-26T08:48:22+00:00\",\"dateModified\":\"2023-08-25T20:41:48+00:00\",\"breadcrumb\":{\"@id\":\"https:\/\/saborsdelmar.com\/sobre-nosotros\/#breadcrumb\"},\"inLanguage\":\"en-US\",\"potentialAction\":[{\"@type\":\"ReadAction\",\"target\":[\"https:\/\/saborsdelmar.com\/sobre-nosotros\/\"]}]},{\"@type\":\"BreadcrumbList\",\"@id\":\"https:\/\/saborsdelmar.com\/sobre-nosotros\/#breadcrumb\",\"itemListElement\":[{\"@type\":\"ListItem\",\"position\":1,\"name\":\"Portada\",\"item\":\"https:\/\/saborsdelmar.com\/\"},{\"@type\":\"ListItem\",\"position\":2,\"name\":\"Sobre nosotros\"}]},{\"@type\":\"WebSite\",\"@id\":\"https:\/\/saborsdelmar.com\/#website\",\"url\":\"https:\/\/saborsdelmar.com\/\",\"name\":\"saborsdelmar.com\",\"description\":\"restaurantes castelldefels, comida mediterr\u00e1nea\",\"publisher\":{\"@id\":\"https:\/\/saborsdelmar.com\/#organization\"},\"potentialAction\":[{\"@type\":\"SearchAction\",\"target\":{\"@type\":\"EntryPoint\",\"urlTemplate\":\"https:\/\/saborsdelmar.com\/?s={search_term_string}\"},\"query-input\":\"required name=search_term_string\"}],\"inLanguage\":\"en-US\"},{\"@type\":\"Organization\",\"@id\":\"https:\/\/saborsdelmar.com\/#organization\",\"name\":\"saborsdelmar.com\",\"url\":\"https:\/\/saborsdelmar.com\/\",\"logo\":{\"@type\":\"ImageObject\",\"inLanguage\":\"en-US\",\"@id\":\"https:\/\/saborsdelmar.com\/#\/schema\/logo\/image\/\",\"url\":\"https:\/\/saborsdelmar.com\/wp-content\/uploads\/2023\/08\/cropped-WhatsApp-Image-2023-08-25-at-05.42.58.jpeg\",\"contentUrl\":\"https:\/\/saborsdelmar.com\/wp-content\/uploads\/2023\/08\/cropped-WhatsApp-Image-2023-08-25-at-05.42.58.jpeg\",\"width\":2048,\"height\":565,\"caption\":\"saborsdelmar.com\"},\"image\":{\"@id\":\"https:\/\/saborsdelmar.com\/#\/schema\/logo\/image\/\"}}]}<\/script>\n<!-- \/ Yoast SEO plugin. -->","yoast_head_json":{"title":"Sobre nosotros - saborsdelmar.com","robots":{"index":"index","follow":"follow","max-snippet":"max-snippet:-1","max-image-preview":"max-image-preview:large","max-video-preview":"max-video-preview:-1"},"canonical":"https:\/\/saborsdelmar.com\/en\/sobre-nosotros\/","og_locale":"en_US","og_type":"article","og_title":"Sobre nosotros - saborsdelmar.com","og_description":"Con\u00f3cenos Sabors del mar desde el 2014 SABORS DEL MAR Somos Sabors del Mar, la marisquer\u00eda de Castelldefels, el local d\u00f3nde se hacen los mejores arroces de la zona. Ofrecemos men\u00fa diario, carta, men\u00fa de fin de semana y men\u00fa 5 estrellas TESTIMONIOS","og_url":"https:\/\/saborsdelmar.com\/en\/sobre-nosotros\/","og_site_name":"saborsdelmar.com","article_modified_time":"2023-08-25T20:41:48+00:00","og_image":[{"url":"https:\/\/saborsdelmar.com\/wp-content\/uploads\/elementor\/thumbs\/chef05-free-img-q77yjsqbpt1l1t69429jbv5wuiub82g3wlqjc7t2fc.jpg"}],"twitter_card":"summary_large_image","twitter_misc":{"Est. reading time":"3 minutes"},"schema":{"@context":"https:\/\/schema.org","@graph":[{"@type":"WebPage","@id":"https:\/\/saborsdelmar.com\/sobre-nosotros\/","url":"https:\/\/saborsdelmar.com\/sobre-nosotros\/","name":"Sobre nosotros - saborsdelmar.com","isPartOf":{"@id":"https:\/\/saborsdelmar.com\/#website"},"datePublished":"2018-09-26T08:48:22+00:00","dateModified":"2023-08-25T20:41:48+00:00","breadcrumb":{"@id":"https:\/\/saborsdelmar.com\/sobre-nosotros\/#breadcrumb"},"inLanguage":"en-US","potentialAction":[{"@type":"ReadAction","target":["https:\/\/saborsdelmar.com\/sobre-nosotros\/"]}]},{"@type":"BreadcrumbList","@id":"https:\/\/saborsdelmar.com\/sobre-nosotros\/#breadcrumb","itemListElement":[{"@type":"ListItem","position":1,"name":"Portada","item":"https:\/\/saborsdelmar.com\/"},{"@type":"ListItem","position":2,"name":"Sobre nosotros"}]},{"@type":"WebSite","@id":"https:\/\/saborsdelmar.com\/#website","url":"https:\/\/saborsdelmar.com\/","name":"saborsdelmar.com","description":"restaurantes castelldefels, comida mediterr\u00e1nea","publisher":{"@id":"https:\/\/saborsdelmar.com\/#organization"},"potentialAction":[{"@type":"SearchAction","target":{"@type":"EntryPoint","urlTemplate":"https:\/\/saborsdelmar.com\/?s={search_term_string}"},"query-input":"required name=search_term_string"}],"inLanguage":"en-US"},{"@type":"Organization","@id":"https:\/\/saborsdelmar.com\/#organization","name":"saborsdelmar.com","url":"https:\/\/saborsdelmar.com\/","logo":{"@type":"ImageObject","inLanguage":"en-US","@id":"https:\/\/saborsdelmar.com\/#\/schema\/logo\/image\/","url":"https:\/\/saborsdelmar.com\/wp-content\/uploads\/2023\/08\/cropped-WhatsApp-Image-2023-08-25-at-05.42.58.jpeg","contentUrl":"https:\/\/saborsdelmar.com\/wp-content\/uploads\/2023\/08\/cropped-WhatsApp-Image-2023-08-25-at-05.42.58.jpeg","width":2048,"height":565,"caption":"saborsdelmar.com"},"image":{"@id":"https:\/\/saborsdelmar.com\/#\/schema\/logo\/image\/"}}]}},"_links":{"self":[{"href":"https:\/\/saborsdelmar.com\/en\/wp-json\/wp\/v2\/pages\/661"}],"collection":[{"href":"https:\/\/saborsdelmar.com\/en\/wp-json\/wp\/v2\/pages"}],"about":[{"href":"https:\/\/saborsdelmar.com\/en\/wp-json\/wp\/v2\/types\/page"}],"author":[{"embeddable":true,"href":"https:\/\/saborsdelmar.com\/en\/wp-json\/wp\/v2\/users\/1"}],"replies":[{"embeddable":true,"href":"https:\/\/saborsdelmar.com\/en\/wp-json\/wp\/v2\/comments?post=661"}],"version-history":[{"count":39,"href":"https:\/\/saborsdelmar.com\/en\/wp-json\/wp\/v2\/pages\/661\/revisions"}],"predecessor-version":[{"id":1084,"href":"https:\/\/saborsdelmar.com\/en\/wp-json\/wp\/v2\/pages\/661\/revisions\/1084"}],"wp:attachment":[{"href":"https:\/\/saborsdelmar.com\/en\/wp-json\/wp\/v2\/media?parent=661"}],"curies":[{"name":"wp","href":"https:\/\/api.w.org\/{rel}","templated":true}]}}